{"id":30543,"date":"2025-12-30T21:38:08","date_gmt":"2025-12-30T21:38:08","guid":{"rendered":"https:\/\/madeiracarrentals.com\/nota-prawna\/"},"modified":"2026-01-02T10:19:49","modified_gmt":"2026-01-02T10:19:49","slug":"nota-prawna","status":"publish","type":"page","link":"https:\/\/madeiracarrentals.com\/pl\/nota-prawna\/","title":{"rendered":"Nota prawna"},"content":{"rendered":"\t\t<div data-elementor-type=\"wp-page\" data-elementor-id=\"30543\" class=\"elementor elementor-30543 elementor-30404\" data-elementor-post-type=\"page\">\n\t\t\t\t<div class=\"elementor-element elementor-element-9e28f0c e-flex e-con-boxed e-con e-parent\" data-id=\"9e28f0c\" data-element_type=\"container\" data-e-type=\"container\">\n\t\t\t\t\t<div class=\"e-con-inner\">\n\t\t\t\t<div class=\"elementor-element elementor-element-3f749d9 elementor-widget elementor-widget-html\" data-id=\"3f749d9\" data-element_type=\"widget\" data-e-type=\"widget\" data-widget_type=\"html.default\">\n\t\t\t\t\t<!-- \ud83c\uddf5\ud83c\uddf1 PL -->\r\n<section id=\"c4ym-legal-notice\">\r\n  <style>\r\n    #c4ym-legal-notice{\r\n      background:#ffffff;\r\n      color:#0f172a;\r\n      font-family: system-ui, -apple-system, Segoe UI, Roboto, Arial, sans-serif;\r\n      line-height:1.7;\r\n      padding: 26px 0;\r\n    }\r\n    #c4ym-legal-notice .wrap{\r\n      max-width: 980px;\r\n      margin: 0 auto;\r\n      padding: 0 20px;\r\n    }\r\n    #c4ym-legal-notice h1{\r\n      font-size: 36px;\r\n      line-height:1.2;\r\n      margin: 0 0 10px;\r\n      letter-spacing: -0.2px;\r\n    }\r\n    #c4ym-legal-notice .meta{\r\n      color:#475569;\r\n      font-size:14px;\r\n      margin-bottom: 18px;\r\n    }\r\n    #c4ym-legal-notice h2{\r\n      font-size: 22px;\r\n      margin: 26px 0 10px;\r\n      scroll-margin-top: 90px;\r\n    }\r\n    #c4ym-legal-notice p{ margin: 10px 0; }\r\n    #c4ym-legal-notice a{ color:#023047; text-decoration: underline; }\r\n    #c4ym-legal-notice .table-wrap{\r\n      overflow:auto;\r\n      border:1px solid #e5e7eb;\r\n      border-radius: 14px;\r\n      background:#fff;\r\n      margin-top: 10px;\r\n    }\r\n    #c4ym-legal-notice table{\r\n      width: 100%;\r\n      border-collapse: collapse;\r\n      min-width: 760px;\r\n    }\r\n    #c4ym-legal-notice th, #c4ym-legal-notice td{\r\n      text-align:left;\r\n      padding: 12px 12px;\r\n      border-bottom:1px solid #eef2f7;\r\n      vertical-align: top;\r\n      font-size: 14px;\r\n    }\r\n    #c4ym-legal-notice th{\r\n      background:#f1f5f9;\r\n      font-weight:800;\r\n      width: 300px;\r\n    }\r\n    @media (max-width: 640px){\r\n      #c4ym-legal-notice .wrap{ padding: 0 14px; }\r\n      #c4ym-legal-notice h1{ font-size: 30px; }\r\n      #c4ym-legal-notice h2{ font-size: 20px; }\r\n      #c4ym-legal-notice table{ min-width: 620px; }\r\n      #c4ym-legal-notice th{ width: 240px; }\r\n    }\r\n  <\/style>\r\n\r\n  <div class=\"wrap\">\r\n    <h1>Informacje prawne (Imprint)<\/h1>\r\n    <div class=\"meta\">\r\n      Ostatnia aktualizacja: <strong>30 grudnia 2025<\/strong><br>\r\n      Strona: <strong>madeiracarrentals.com<\/strong> (marka: <strong>Car4YouMadeira<\/strong>)\r\n    <\/div>\r\n\r\n    <h2>Dane us\u0142ugodawcy<\/h2>\r\n    <div class=\"table-wrap\">\r\n      <table>\r\n        <tbody>\r\n          <tr>\r\n            <th>Marka<\/th>\r\n            <td>Car4YouMadeira<\/td>\r\n          <\/tr>\r\n          <tr>\r\n            <th>Operator<\/th>\r\n            <td>F\u00e1bi\u00e1n Istv\u00e1nn\u00e9<\/td>\r\n          <\/tr>\r\n          <tr>\r\n            <th>Adres siedziby<\/th>\r\n            <td>R\u00e1k\u00f3czi utca 41, 4251 Hajd\u00fas\u00e1mson, W\u0119gry<\/td>\r\n          <\/tr>\r\n          <tr>\r\n            <th>Email<\/th>\r\n            <td><a href=\"mailto:info@car4youmadeira.com\">info@car4youmadeira.com<\/a><\/td>\r\n          <\/tr>\r\n          <tr>\r\n            <th>NIP \/ numer podatkowy<\/th>\r\n            <td>.<\/td>\r\n          <\/tr>\r\n          <tr>\r\n            <th>VAT UE (format)<\/th>\r\n            <td>-<\/td>\r\n          <\/tr>\r\n        <\/tbody>\r\n      <\/table>\r\n    <\/div>\r\n\r\n    <h2>Dostawca hostingu<\/h2>\r\n    <div class=\"table-wrap\">\r\n      <table>\r\n        <tbody>\r\n          <tr>\r\n            <th>Nazwa firmy<\/th>\r\n            <td>Sybell Informatika Kft.<\/td>\r\n          <\/tr>\r\n          <tr>\r\n            <th>Siedziba<\/th>\r\n            <td>1138 Budapest, Tomori utca 34. 2. emelet, W\u0119gry<\/td>\r\n          <\/tr>\r\n          <tr>\r\n            <th>Numer rejestracyjny firmy<\/th>\r\n            <td>01-09-293034<\/td>\r\n          <\/tr>\r\n          <tr>\r\n            <th>NIP \/ numer podatkowy<\/th>\r\n            <td>25859502-2-41<\/td>\r\n          <\/tr>\r\n          <tr>\r\n            <th>VAT UE<\/th>\r\n            <td>HU25859502<\/td>\r\n          <\/tr>\r\n          <tr>\r\n            <th>Email<\/th>\r\n            <td><a href=\"mailto:hello@sybell.hu\">hello@sybell.hu<\/a><\/td>\r\n          <\/tr>\r\n          <tr>\r\n            <th>Telefon<\/th>\r\n            <td>+36 1 707 67 26<\/td>\r\n          <\/tr>\r\n          <tr>\r\n            <th>Strona www<\/th>\r\n            <td>sybell.hu<\/td>\r\n          <\/tr>\r\n        <\/tbody>\r\n      <\/table>\r\n    <\/div>\r\n\r\n    <h2>Dokumenty prawne<\/h2>\r\n    <p>\r\n      <a href=\"https:\/\/madeiracarrentals.com\/pl\/polityka-prywatnosci\/\">Polityka prywatno\u015bci<\/a><br>\r\n      <a href=\"https:\/\/madeiracarrentals.com\/pl\/polityka-cookies\/\">Polityka cookies<\/a>\r\n    <\/p>\r\n  <\/div>\r\n<\/section>\r\n\t\t\t\t<\/div>\n\t\t\t\t\t<\/div>\n\t\t\t\t<\/div>\n\t\t\t\t<\/div>\n\t\t","protected":false},"excerpt":{"rendered":"<p>Informacje prawne (Imprint) Ostatnia aktualizacja: 30 grudnia 2025 Strona: madeiracarrentals.com (marka: Car4YouMadeira) Dane us\u0142ugodawcy Marka Car4YouMadeira Operator F\u00e1bi\u00e1n Istv\u00e1nn\u00e9 Adres siedziby R\u00e1k\u00f3czi utca 41, 4251 Hajd\u00fas\u00e1mson, W\u0119gry Email info@car4youmadeira.com NIP \/ numer podatkowy . VAT UE (format) &#8211; Dostawca hostingu Nazwa firmy Sybell Informatika Kft. Siedziba 1138 Budapest, Tomori utca 34. 2. emelet, W\u0119gry Numer [&hellip;]<\/p>\n","protected":false},"author":1,"featured_media":0,"parent":0,"menu_order":0,"comment_status":"closed","ping_status":"closed","template":"elementor_header_footer","meta":{"_glsr_average":0,"_glsr_ranking":0,"_glsr_reviews":0,"footnotes":""},"class_list":["post-30543","page","type-page","status-publish","hentry"],"_links":{"self":[{"href":"https:\/\/madeiracarrentals.com\/pl\/wp-json\/wp\/v2\/pages\/30543","targetHints":{"allow":["GET"]}}],"collection":[{"href":"https:\/\/madeiracarrentals.com\/pl\/wp-json\/wp\/v2\/pages"}],"about":[{"href":"https:\/\/madeiracarrentals.com\/pl\/wp-json\/wp\/v2\/types\/page"}],"author":[{"embeddable":true,"href":"https:\/\/madeiracarrentals.com\/pl\/wp-json\/wp\/v2\/users\/1"}],"replies":[{"embeddable":true,"href":"https:\/\/madeiracarrentals.com\/pl\/wp-json\/wp\/v2\/comments?post=30543"}],"version-history":[{"count":0,"href":"https:\/\/madeiracarrentals.com\/pl\/wp-json\/wp\/v2\/pages\/30543\/revisions"}],"wp:attachment":[{"href":"https:\/\/madeiracarrentals.com\/pl\/wp-json\/wp\/v2\/media?parent=30543"}],"curies":[{"name":"wp","href":"https:\/\/api.w.org\/{rel}","templated":true}]}}