{"id":13548,"date":"2024-11-22T21:51:42","date_gmt":"2024-11-22T21:51:42","guid":{"rendered":"https:\/\/madeiracarrentals.com\/despre-noi\/"},"modified":"2025-12-30T20:41:45","modified_gmt":"2025-12-30T20:41:45","slug":"despre-noi","status":"publish","type":"page","link":"https:\/\/madeiracarrentals.com\/ro\/despre-noi\/","title":{"rendered":"Despre noi"},"content":{"rendered":"\t\t<div data-elementor-type=\"wp-page\" data-elementor-id=\"13548\" class=\"elementor elementor-13548 elementor-4812\" data-elementor-post-type=\"page\">\n\t\t\t\t<div class=\"elementor-element elementor-element-5e9c427 e-con-full e-flex e-con e-parent\" data-id=\"5e9c427\" data-element_type=\"container\" data-e-type=\"container\">\n\t\t\t\t<div class=\"elementor-element elementor-element-eb64dc8 elementor-widget elementor-widget-html\" data-id=\"eb64dc8\" data-element_type=\"widget\" data-e-type=\"widget\" data-widget_type=\"html.default\">\n\t\t\t\t\t<!-- \ud83d\udd35 \u201eKik vagyunk mi?\u201d (hero + v\u00e1ltott szekci\u00f3k + 6 k\u00e1rtya, c\u00edm n\u00e9lk\u00fcl) -->\r\n<section id=\"aboutUs\">\r\n  <!-- HERO -->\r\n  <div class=\"ab-hero\" style=\"--hero:url('https:\/\/madeiracarrentals.com\/wp-content\/uploads\/2025\/12\/aboutus3.png');\">\r\n    <div class=\"ab-hero-inner\">\r\n      <h2 class=\"ab-eyebrow\">C\u0103l\u0103tori reali, experien\u021be reale<\/h2>\r\n      <h1 class=\"ab-title\">Cine suntem noi?<\/h1>\r\n      <p class=\"ab-sub\">Te ajut\u0103m s\u0103 \u00eenchiriezi o ma\u0219in\u0103 \u2014 clar, f\u0103r\u0103 trucuri.<\/p>\r\n    <\/div>\r\n  <\/div>\r\n\r\n  <div class=\"ab-wrap\">\r\n    <!-- BLOKK 1 \u2013 \u00cdgy kezd\u0151d\u00f6tt minden -->\r\n    <section class=\"ab-split\">\r\n      <div class=\"col text\">\r\n        <h3>A\u0219a a \u00eenceput totul<\/h3>\r\n        <p>Ca mul\u021bi al\u021bii, am \u00eenceput cu un site de compara\u021bii \u2014 apoi a urmat o experien\u021b\u0103 nepl\u0103cut\u0103 care a schimbat totul. Ne-am dat seama c\u0103 \u00een Madeira ie\u0219i cel mai bine dac\u0103 nu rezervi pe nev\u0103zute, ci \u00een\u021belegi condi\u021biile \u0219i \u0219tii \u00een cine po\u021bi avea \u00eencredere. <\/p>\r\n        <p>Suntem pasiona\u021bi de c\u0103l\u0103torii, cu peste 10 ani de experien\u021b\u0103 \u00een \u00eenchirieri auto. Am creat Car4YouMadeira ca s\u0103 facem \u00eenchirierea unei ma\u0219ini \u00een Madeira simpl\u0103 \u0219i sigur\u0103 \u2014 f\u0103r\u0103 trucuri, taxe ascunse \u0219i stres inutil.<\/p>\r\n        <p>De-a lungul anilor am construit rela\u021bii excelente cu companii locale de \u00eenchirieri de \u00eencredere, care ofer\u0103 servicii de calitate \u0219i un raport calitate-pre\u021b foarte bun. La partenerii no\u0219tri, \u00een aproximativ 90% din cazuri g\u0103se\u0219ti aici cu adev\u0103rat cel mai bun pre\u021b \u2014 indiferent de perioada pentru care vrei s\u0103 rezervi, f\u0103r\u0103 compromisuri.<\/p>\r\n      <\/div>\r\n      <div class=\"col media\">\r\n        <img decoding=\"async\" src=\"https:\/\/madeiracarrentals.com\/wp-content\/uploads\/2025\/12\/aboutus.png\" alt=\"Experien\u021b\u0103 de c\u0103l\u0103torie \u0219i \u00eenchirieri auto\">\r\n      <\/div>\r\n    <\/section>\r\n\r\n    <!-- BLOKK 2 \u2013 SEG\u00cdT\u00dcNK GRID (C\u00cdM N\u00c9LK\u00dcL) -->\r\n    <section class=\"ab-help\">\r\n      <div class=\"ab-grid\">\r\n        <!-- 1 -->\r\n        <article class=\"card\">\r\n          <div class=\"icon\">\r\n            <!-- Ir\u00e1nyt\u0171 -->\r\n            <svg viewBox=\"0 0 24 24\" fill=\"none\" stroke-width=\"2\">\r\n              <circle cx=\"12\" cy=\"12\" r=\"9\"><\/circle>\r\n              <path d=\"M14.5 9.5l-3 7-5-5 8-2z\"><\/path>\r\n            <\/svg>\r\n          <\/div>\r\n          <h4>Informa\u021bii din prima surs\u0103<\/h4>\r\n          <p>Companii locale testate \u2014 experien\u021be reale.<\/p>\r\n        <\/article>\r\n\r\n        <!-- 2 -->\r\n        <article class=\"card\">\r\n          <div class=\"icon\">\r\n            <!-- Szersz\u00e1mos -->\r\n            <svg viewBox=\"0 0 24 24\" fill=\"none\" stroke-width=\"2\">\r\n              <path d=\"M14 7l3 3-9 9H5v-3l9-9z\"><\/path>\r\n              <path d=\"M7 7l3 3\"><\/path>\r\n            <\/svg>\r\n          <\/div>\r\n          <h4>Sfaturi practice<\/h4>\r\n          <p>Ridicare\/predare pas cu pas.<\/p>\r\n        <\/article>\r\n\r\n        <!-- 3 -->\r\n        <article class=\"card\">\r\n          <div class=\"icon\">\r\n            <!-- Csillag -->\r\n            <svg viewBox=\"0 0 24 24\" fill=\"none\" stroke-width=\"2\">\r\n              <path d=\"M12 3l3.09 6.26L22 10l-5 4.87L18.18 21 12 17.77 5.82 21 7 14.87 2 10l6.91-0.74L12 3z\"><\/path>\r\n            <\/svg>\r\n          <\/div>\r\n          <h4>Recenzii sincere<\/h4>\r\n          <p>Evalu\u0103ri de la c\u0103l\u0103tori reali, f\u0103r\u0103 marketing.<\/p>\r\n        <\/article>\r\n\r\n        <!-- 4 -->\r\n        <article class=\"card\">\r\n          <div class=\"icon\">\r\n            <!-- K\u00e9zfog\u00e1s -->\r\n            <svg viewBox=\"0 0 24 24\" fill=\"none\" stroke-width=\"2\">\r\n              <path d=\"M4 12l4-4 4 4 4-4 4 4\"><\/path>\r\n              <path d=\"M8 16l4-4 4 4\"><\/path>\r\n            <\/svg>\r\n          <\/div>\r\n          <h4>Ajutor personalizat<\/h4>\r\n          <p>\u00centreab\u0103 f\u0103r\u0103 grij\u0103 \u2014 te ajut\u0103m s\u0103 alegi ce \u021bi se potrive\u0219te.<\/p>\r\n        <\/article>\r\n\r\n        <!-- 5 -->\r\n        <article class=\"card\">\r\n          <div class=\"icon\">\r\n            <!-- Telefon (feh\u00e9r vonal) -->\r\n            <svg viewBox=\"0 0 24 24\" fill=\"none\" stroke-width=\"2\">\r\n              <path d=\"M22 16.92v3a2 2 0 0 1-2.18 2 19.8 19.8 0 0 1-8.63-3.07 19.5 19.5 0 0 1-6-6A19.8 19.8 0 0 1 2.08 4.18 2 2 0 0 1 4.06 2h3a2 2 0 0 1 2 1.72 12.9 12.9 0 0 0 .7 2.81 2 2 0 0 1-.45 2.11L8.09 9.91a16 16 0 0 0 6 6l1.27-1.22a2 2 0 0 1 2.11-.45 12.9 12.9 0 0 0 2.81.7A2 2 0 0 1 22 16.92z\"><\/path>\r\n            <\/svg>\r\n          <\/div>\r\n          <h4>Contact direct<\/h4>\r\n          <p>Rela\u021bie excelent\u0103 cu partenerii no\u0219tri.<\/p>\r\n        <\/article>\r\n\r\n        <!-- 6 -->\r\n        <article class=\"card\">\r\n          <div class=\"icon\">\r\n            <!-- Pajzs (garancia) -->\r\n            <svg viewBox=\"0 0 24 24\" fill=\"none\" stroke-width=\"2\">\r\n              <path d=\"M12 3l7 3v6c0 4.6-3.2 8.4-7 9-3.8-.6-7-4.4-7-9V6l7-3z\"><\/path>\r\n              <path d=\"M9 12l2 2 4-4\"><\/path>\r\n            <\/svg>\r\n          <\/div>\r\n          <h4>Oferim garan\u021bie<\/h4>\r\n          <p>Garan\u021bie de 1000 \u20ac pentru situa\u021bii nea\u0219teptate.<\/p>\r\n        <\/article>\r\n      <\/div>\r\n    <\/section>\r\n\r\n    <!-- BLOKK 3 \u2013 Hogyan seg\u00edt\u00fcnk a d\u00f6nt\u00e9sben? (v\u00e1ltott k\u00e9p\/sz\u00f6veg) -->\r\n    <section class=\"ab-split alt\">\r\n      <div class=\"col media\">\r\n        <img decoding=\"async\" src=\"https:\/\/madeiracarrentals.com\/wp-content\/uploads\/2025\/12\/aboutus2.png\" alt=\"Sprijin pentru decizie la \u00eenchirierea auto\">\r\n      <\/div>\r\n      <div class=\"col text\">\r\n        <h3>Cum te ajut\u0103m?<\/h3>\r\n        <ul class=\"ab-list\">\r\n          <li><strong>Suntem c\u0103l\u0103tori cu experien\u021b\u0103<\/strong> \u2013 \u0219tim capcanele \u0219i te ajut\u0103m s\u0103 le evi\u021bi.<\/li>\r\n          <li><strong>Nu doar inform\u0103m<\/strong> \u2013 ghiduri practice, pa\u0219i concre\u021bi.<\/li>\r\n          <li><strong>Recomand\u0103ri independente<\/strong> \u2013 suger\u0103m doar parteneri de \u00eencredere.<\/li>\r\n          <li><strong>Condi\u021bii clare<\/strong> \u2013 f\u0103r\u0103 trucuri cu litere mici.<\/li>\r\n          <li><strong>Economise\u0219ti timp \u0219i bani<\/strong> \u2014 \u00ee\u021bi lu\u0103m grija de pe umeri.<\/li>\r\n        <\/ul>\r\n      <\/div>\r\n    <\/section>\r\n\r\n    <!-- BLOKK 4 \u2013 Gyakori k\u00e9rd\u00e9sek teaser -->\r\n    <section class=\"ab-faq-cta\">\r\n      <h3>\u00centreb\u0103ri frecvente la care r\u0103spundem<\/h3>\r\n      <div class=\"pill-list\">\r\n        <span class=\"pill\">Unde po\u021bi \u00eenchiria o ma\u0219in\u0103 \u00een Madeira?<\/span>\r\n        <span class=\"pill\">Ce companie este de \u00eencredere?<\/span>\r\n        <span class=\"pill\">Cum evi\u021bi costurile ascunse?<\/span>\r\n        <span class=\"pill\">Pot \u00eenchiria o ma\u0219in\u0103 f\u0103r\u0103 card de credit?<\/span>\r\n      <\/div>\r\n      <p class=\"hint\">Avem r\u0103spuns la toate \u2013 vezi ghidurile noastre \u0219i g\u0103se\u0219te cea mai bun\u0103 op\u021biune pentru tine!<\/p>\r\n    <\/section>\r\n  <\/div>\r\n<\/section>\r\n\r\n<style>\r\n\/* ====== Csak a #aboutUs szekci\u00f3ra \u00e9rv\u00e9nyes ====== *\/\r\n#aboutUs { --bg:#f6f7fb; --ink:#0f172a; --muted:#475569; --accent:#6E2DCB; background:var(--bg); }\r\n#aboutUs * { box-sizing: border-box; }\r\n#aboutUs img { display:block; width:100%; height:auto; border-radius:12px; box-shadow:0 10px 24px rgba(0,0,0,.08); }\r\n\r\n#aboutUs .ab-wrap{ max-width: 1040px; margin: 0 auto; padding: 16px 12px 24px; }\r\n\r\n#aboutUs h1,#aboutUs h2,#aboutUs h3,#aboutUs h4{\r\n  font-family:\"Oswald\", system-ui, -apple-system, \"Segoe UI\", Roboto, Arial, sans-serif;\r\n  font-weight:800; text-transform:uppercase; color:var(--ink); margin:0 0 8px;\r\n}\r\n#aboutUs p,#aboutUs li{\r\n  font-family: system-ui, -apple-system, \"Segoe UI\", Roboto, Arial, sans-serif;\r\n  color: var(--ink); line-height:1.6; margin:0 0 10px;\r\n}\r\n\r\n\/* HERO *\/\r\n#aboutUs .ab-hero{\r\n  position:relative; isolation:isolate;\r\n  background: radial-gradient(1200px 400px at 50% 0, rgba(0,0,0,.25), rgba(0,0,0,.55)),\r\n              linear-gradient(180deg, rgba(0,0,0,.0), rgba(0,0,0,.25)),\r\n              var(--hero) center\/cover no-repeat;\r\n  color:#fff; padding: clamp(48px, 8vw, 120px) 12px;\r\n}\r\n#aboutUs .ab-hero::after{\r\n  content:\"\"; position:absolute; inset:0;\r\n  background:var(--hero) center\/cover no-repeat; filter:brightness(.7);\r\n  z-index:-2; opacity:.15;\r\n}\r\n#aboutUs .ab-hero-inner{ max-width:1040px; margin:0 auto; text-align:center; }\r\n#aboutUs .ab-eyebrow{ font-size: clamp(14px, 2.4vw, 16px); letter-spacing:.08em; opacity:.95; color:#FFF8DC; }\r\n#aboutUs .ab-title{ font-size: clamp(28px, 6.2vw, 58px); color:#fff; text-shadow:0 6px 28px rgba(0,0,0,.35); margin-top:4px; }\r\n#aboutUs .ab-sub{ color:#fff; opacity:.95; font-size: clamp(15px, 2.6vw, 18px); margin-top:6px; text-shadow:0 3px 18px rgba(0,0,0,.35); }\r\n\r\n\/* V\u00c1LTOTT K\u00c9P\/SZ\u00d6VEG BLOKK *\/\r\n#aboutUs .ab-split{ display:grid; gap:14px; align-items:center; margin:16px 0 10px; }\r\n#aboutUs .ab-split .col.text{ padding:4px 2px; }\r\n#aboutUs .ab-split .col.media img{ border-radius:14px; }\r\n#aboutUs .ab-split.alt{ grid-auto-flow:dense; }\r\n#aboutUs .ab-split.alt .media{ order:-1; }\r\n\r\n@media (min-width: 860px){\r\n  #aboutUs .ab-split{ grid-template-columns: 1.1fr .9fr; gap:24px; }\r\n  #aboutUs .ab-split.alt{ grid-template-columns: .9fr 1.1fr; }\r\n}\r\n\r\n\/* SEG\u00cdT\u00dcNK GRID (k\u00e1rty\u00e1k \u2013 c\u00edm n\u00e9lk\u00fcl) *\/\r\n#aboutUs .ab-help{ margin: 8px 0 6px; }\r\n#aboutUs .ab-grid{\r\n  display:grid; gap:12px;\r\n  grid-template-columns:1fr;\r\n}\r\n@media (min-width: 640px){ #aboutUs .ab-grid{ grid-template-columns: repeat(2,1fr); } }\r\n@media (min-width: 980px){ #aboutUs .ab-grid{ grid-template-columns: repeat(3,1fr); } }\r\n\r\n\/* IKONOK \u2013 s\u00f6t\u00e9t h\u00e1tt\u00e9r, feh\u00e9r vonal *\/\r\n#aboutUs .card .icon{\r\n  width:44px; height:44px; border-radius:11px; display:grid; place-items:center;\r\n  background:#023047;\r\n  margin-bottom:8px;\r\n}\r\n#aboutUs .card .icon svg{\r\n  width:24px; height:24px; stroke:#FFB703; fill:none; stroke-width:2;\r\n}\r\n\r\n#aboutUs .card{\r\n  background:#fff; border:1px solid rgba(15,23,42,.06);\r\n  border-radius:16px; padding:14px 14px 12px;\r\n  box-shadow:0 12px 28px rgba(0,0,0,.06);\r\n  transition: transform .18s ease, box-shadow .18s ease;\r\n}\r\n#aboutUs .card:hover{ transform: translateY(-2px); box-shadow:0 16px 36px rgba(0,0,0,.10); }\r\n\r\n#aboutUs .card h4{ font-size: 16px; margin-bottom:6px; }\r\n#aboutUs .card p{ font-size: 15px; color: var(--muted); margin:0; }\r\n\r\n\/* LISTA BLOKK *\/\r\n#aboutUs .ab-list{ margin:6px 0 0 18px; padding:0; }\r\n#aboutUs .ab-list li{ margin-bottom:6px; }\r\n#aboutUs .ab-split h3{ font-size: clamp(22px, 3.6vw, 32px); margin-bottom:6px; }\r\n\r\n\/* FAQ TEASER *\/\r\n#aboutUs .ab-faq-cta{\r\n  margin: 16px 0 4px; padding: 14px; border-radius:16px;\r\n  background: #fff; border:1px solid rgba(15,23,42,.06);\r\n  box-shadow:0 12px 28px rgba(0,0,0,.06);\r\n  text-align:center;\r\n}\r\n#aboutUs .ab-faq-cta h3{ font-size: clamp(20px, 3.4vw, 28px); margin-bottom:8px; }\r\n#aboutUs .pill-list{ display:flex; flex-wrap:wrap; gap:8px; justify-content:center; margin-bottom:8px; }\r\n#aboutUs .pill{\r\n  background:#f3f4f7; color:var(--ink); border:1px solid rgba(15,23,42,.08);\r\n  padding:6px 10px; border-radius:999px; font-size:14px; font-weight:600;\r\n}\r\n#aboutUs .hint{ color:var(--muted); font-size:14.5px; margin:0; }\r\n\r\n\/* MOBILON extra fels\u0151 t\u00e9rk\u00f6z a \u201eMiben seg\u00edt\u00fcnk neked?\u201d blokkhoz (c\u00edm m\u00e1r nincs, maradhat a margin) *\/\r\n@media (max-width: 640px){\r\n  #aboutUs .ab-help{ margin-top:16px !important; }\r\n}\r\n<\/style>\r\n\t\t\t\t<\/div>\n\t\t\t\t<\/div>\n\t\t\t\t<\/div>\n\t\t","protected":false},"excerpt":{"rendered":"<p>C\u0103l\u0103tori reali, experien\u021be reale Cine suntem noi? Te ajut\u0103m s\u0103 \u00eenchiriezi o ma\u0219in\u0103 \u2014 clar, f\u0103r\u0103 trucuri. A\u0219a a \u00eenceput totul Ca mul\u021bi al\u021bii, am \u00eenceput cu un site de compara\u021bii \u2014 apoi a urmat o experien\u021b\u0103 nepl\u0103cut\u0103 care a schimbat totul. Ne-am dat seama c\u0103 \u00een Madeira ie\u0219i cel mai bine dac\u0103 nu rezervi [&hellip;]<\/p>\n","protected":false},"author":1,"featured_media":0,"parent":0,"menu_order":11,"comment_status":"closed","ping_status":"closed","template":"elementor_header_footer","meta":{"_glsr_average":0,"_glsr_ranking":0,"_glsr_reviews":0,"footnotes":""},"class_list":["post-13548","page","type-page","status-publish","hentry"],"_links":{"self":[{"href":"https:\/\/madeiracarrentals.com\/ro\/wp-json\/wp\/v2\/pages\/13548","targetHints":{"allow":["GET"]}}],"collection":[{"href":"https:\/\/madeiracarrentals.com\/ro\/wp-json\/wp\/v2\/pages"}],"about":[{"href":"https:\/\/madeiracarrentals.com\/ro\/wp-json\/wp\/v2\/types\/page"}],"author":[{"embeddable":true,"href":"https:\/\/madeiracarrentals.com\/ro\/wp-json\/wp\/v2\/users\/1"}],"replies":[{"embeddable":true,"href":"https:\/\/madeiracarrentals.com\/ro\/wp-json\/wp\/v2\/comments?post=13548"}],"version-history":[{"count":0,"href":"https:\/\/madeiracarrentals.com\/ro\/wp-json\/wp\/v2\/pages\/13548\/revisions"}],"wp:attachment":[{"href":"https:\/\/madeiracarrentals.com\/ro\/wp-json\/wp\/v2\/media?parent=13548"}],"curies":[{"name":"wp","href":"https:\/\/api.w.org\/{rel}","templated":true}]}}